{"id":178,"date":"2026-01-07T09:15:28","date_gmt":"2026-01-07T08:15:28","guid":{"rendered":"https:\/\/kogsim.bplaced.net\/kroatien\/?page_id=178"},"modified":"2026-01-07T09:15:28","modified_gmt":"2026-01-07T08:15:28","slug":"istrien","status":"publish","type":"page","link":"https:\/\/kogsim.bplaced.net\/kroatien\/istrien\/","title":{"rendered":"Istrien"},"content":{"rendered":"\n<div class=\"wp-block-cover alignwide floating-image\" style=\"min-height:80vh;aspect-ratio:unset;\"><img loading=\"lazy\" decoding=\"async\" width=\"1440\" height=\"958\" class=\"wp-block-cover__image-background wp-image-180 size-full\" alt=\"\" src=\"https:\/\/kogsim.bplaced.net\/kroatien\/wp-content\/uploads\/2025\/12\/Istrien_02.jpg\" data-object-fit=\"cover\" srcset=\"https:\/\/kogsim.bplaced.net\/kroatien\/wp-content\/uploads\/2025\/12\/Istrien_02.jpg 1440w, https:\/\/kogsim.bplaced.net\/kroatien\/wp-content\/uploads\/2025\/12\/Istrien_02-300x200.jpg 300w, https:\/\/kogsim.bplaced.net\/kroatien\/wp-content\/uploads\/2025\/12\/Istrien_02-1024x681.jpg 1024w, https:\/\/kogsim.bplaced.net\/kroatien\/wp-content\/uploads\/2025\/12\/Istrien_02-768x511.jpg 768w\" sizes=\"auto, (max-width: 1440px) 100vw, 1440px\" \/><span aria-hidden=\"true\" class=\"wp-block-cover__background has-background-dim-20 has-background-dim\" style=\"background-color:#63707d\"><\/span><div class=\"wp-block-cover__inner-container has-global-padding is-layout-constrained wp-block-cover-is-layout-constrained\">\n<p class=\"has-text-align-center has-xx-large-font-size\"><strong>Istrien<\/strong><\/p>\n\n\n\n<div class=\"wp-block-buttons is-content-justification-center is-layout-flex wp-container-core-buttons-is-layout-a89b3969 wp-block-buttons-is-layout-flex\" style=\"border-top-left-radius:50px;border-top-right-radius:50px;border-bottom-left-radius:50px;border-bottom-right-radius:50px\">\n<div class=\"wp-block-button\"><a class=\"wp-block-button__link wp-element-button\">Jetzt Entdecken<\/a><\/div>\n<\/div>\n<\/div><\/div>\n\n\n\n<div style=\"height:60px\" aria-hidden=\"true\" class=\"wp-block-spacer\"><\/div>\n\n\n\n<div class=\"wp-block-columns is-layout-flex wp-container-core-columns-is-layout-28f84493 wp-block-columns-is-layout-flex\">\n<div class=\"wp-block-column tech-glass has-border-color has-accent-4-border-color is-layout-flow wp-block-column-is-layout-flow\" style=\"border-width:1px;padding-top:var(--wp--preset--spacing--30);padding-right:20px;padding-bottom:var(--wp--preset--spacing--30);padding-left:20px\">\n<figure class=\"wp-block-image size-large\"><img loading=\"lazy\" decoding=\"async\" width=\"1024\" height=\"1024\" src=\"https:\/\/kogsim.bplaced.net\/kroatien\/wp-content\/uploads\/2025\/12\/trueffel-1024x1024.jpg\" alt=\"\" class=\"wp-image-181\" srcset=\"https:\/\/kogsim.bplaced.net\/kroatien\/wp-content\/uploads\/2025\/12\/trueffel-1024x1024.jpg 1024w, https:\/\/kogsim.bplaced.net\/kroatien\/wp-content\/uploads\/2025\/12\/trueffel-300x300.jpg 300w, https:\/\/kogsim.bplaced.net\/kroatien\/wp-content\/uploads\/2025\/12\/trueffel-150x150.jpg 150w, https:\/\/kogsim.bplaced.net\/kroatien\/wp-content\/uploads\/2025\/12\/trueffel-768x768.jpg 768w, https:\/\/kogsim.bplaced.net\/kroatien\/wp-content\/uploads\/2025\/12\/trueffel.jpg 1080w\" sizes=\"auto, (max-width: 1024px) 100vw, 1024px\" \/><\/figure>\n\n\n\n<h2 class=\"wp-block-heading\">Kulinarik<\/h2>\n\n\n\n<p>Hightech-Oliven\u00f6l-Produktion trifft Tradition.<\/p>\n<\/div>\n\n\n\n<div class=\"wp-block-column tech-glass has-border-color has-accent-4-border-color is-layout-flow wp-block-column-is-layout-flow\" style=\"border-width:1px;padding-top:var(--wp--preset--spacing--30);padding-right:20px;padding-bottom:var(--wp--preset--spacing--30);padding-left:20px\">\n<figure class=\"wp-block-image size-full\"><img loading=\"lazy\" decoding=\"async\" width=\"275\" height=\"183\" src=\"https:\/\/kogsim.bplaced.net\/kroatien\/wp-content\/uploads\/2025\/12\/Istrien_03.jpeg\" alt=\"\" class=\"wp-image-182\"\/><\/figure>\n\n\n\n<h2 class=\"wp-block-heading\">K\u00fcste<\/h2>\n\n\n\n<p>Malerische K\u00fcsten und h\u00fcbsche Str\u00e4nde<\/p>\n<\/div>\n\n\n\n<div class=\"wp-block-column tech-glass has-border-color has-accent-4-border-color is-layout-flow wp-block-column-is-layout-flow\" style=\"border-width:1px;padding-top:var(--wp--preset--spacing--30);padding-right:20px;padding-bottom:var(--wp--preset--spacing--30);padding-left:20px\">\n<figure class=\"wp-block-image size-full\"><img loading=\"lazy\" decoding=\"async\" width=\"276\" height=\"183\" src=\"https:\/\/kogsim.bplaced.net\/kroatien\/wp-content\/uploads\/2025\/12\/Staedte.jpeg\" alt=\"\" class=\"wp-image-183\"\/><\/figure>\n\n\n\n<h2 class=\"wp-block-heading\">St\u00e4dte<\/h2>\n\n\n\n<p>Sch\u00f6nsten St\u00e4dte wo gibt in Hrvatska<\/p>\n<\/div>\n<\/div>\n\n\n\n<div style=\"height:60px\" aria-hidden=\"true\" class=\"wp-block-spacer\"><\/div>\n\n\n\n<div class=\"wp-block-group has-accent-2-background-color has-background has-global-padding is-layout-constrained wp-block-group-is-layout-constrained\">\n<details class=\"wp-block-details is-layout-flow wp-block-details-is-layout-flow\"><summary>Wann ist die beste Reisezeit<\/summary>\n<p>Mai bis September f\u00fcr Tech-Nomaden und Sonnenanbeter.<\/p>\n<\/details>\n<\/div>\n\n\n\n<div class=\"wp-block-columns is-layout-flex wp-container-core-columns-is-layout-28f84493 wp-block-columns-is-layout-flex\">\n<div class=\"wp-block-column is-layout-flow wp-block-column-is-layout-flow\" style=\"flex-basis:66.66%\"><\/div>\n\n\n\n<div class=\"wp-block-column is-layout-flow wp-block-column-is-layout-flow\" style=\"flex-basis:33.33%\"><\/div>\n<\/div>\n\n\n\n<p><\/p>\n","protected":false},"excerpt":{"rendered":"<p>Kulinarik Hightech-Oliven\u00f6l-Produktion trifft Tradition. K\u00fcste Malerische K\u00fcsten und h\u00fcbsche Str\u00e4nde St\u00e4dte Sch\u00f6nsten St\u00e4dte wo gibt in Hrvatska<\/p>\n","protected":false},"author":1,"featured_media":0,"parent":0,"menu_order":0,"comment_status":"closed","ping_status":"closed","template":"","meta":{"footnotes":""},"class_list":["post-178","page","type-page","status-publish","hentry"],"_links":{"self":[{"href":"https:\/\/kogsim.bplaced.net\/kroatien\/wp-json\/wp\/v2\/pages\/178","targetHints":{"allow":["GET"]}}],"collection":[{"href":"https:\/\/kogsim.bplaced.net\/kroatien\/wp-json\/wp\/v2\/pages"}],"about":[{"href":"https:\/\/kogsim.bplaced.net\/kroatien\/wp-json\/wp\/v2\/types\/page"}],"author":[{"embeddable":true,"href":"https:\/\/kogsim.bplaced.net\/kroatien\/wp-json\/wp\/v2\/users\/1"}],"replies":[{"embeddable":true,"href":"https:\/\/kogsim.bplaced.net\/kroatien\/wp-json\/wp\/v2\/comments?post=178"}],"version-history":[{"count":4,"href":"https:\/\/kogsim.bplaced.net\/kroatien\/wp-json\/wp\/v2\/pages\/178\/revisions"}],"predecessor-version":[{"id":227,"href":"https:\/\/kogsim.bplaced.net\/kroatien\/wp-json\/wp\/v2\/pages\/178\/revisions\/227"}],"wp:attachment":[{"href":"https:\/\/kogsim.bplaced.net\/kroatien\/wp-json\/wp\/v2\/media?parent=178"}],"curies":[{"name":"wp","href":"https:\/\/api.w.org\/{rel}","templated":true}]}}